{"id":954,"date":"2019-07-29T12:59:55","date_gmt":"2019-07-29T10:59:55","guid":{"rendered":"http:\/\/unmz-wp.e-bs.cz\/?page_id=954"},"modified":"2020-11-05T13:42:12","modified_gmt":"2020-11-05T12:42:12","slug":"autorizovana-metrologicka-strediska","status":"publish","type":"page","link":"https:\/\/unmz.gov.cz\/en\/metrologie\/autorizace\/autorizovana-metrologicka-strediska\/","title":{"rendered":"Authorized metrological centres"},"content":{"rendered":"<p><a href=\"https:\/\/aplikace.unmz.cz\/urad\/data_ams_1.asp?cd=488&amp;typ=r\">Authorized metrological centres<\/a><\/p>\n<p><a href=\"https:\/\/www.unmz.gov.cz\/wp-content\/uploads\/Podm\u00ednky-autorizace-pro-autorizovan\u00e9-metrologick\u00e9-st\u0159edisko.docx\">Terms of Authorisation - General<\/a><\/p>","protected":false},"excerpt":{"rendered":"<p>Authorised Metrology Centres Conditions of Authorisation - General<\/p>","protected":false},"author":5,"featured_media":0,"parent":146,"menu_order":0,"comment_status":"closed","ping_status":"closed","template":"","meta":{"_acf_changed":false,"_seopress_robots_primary_cat":"","_seopress_titles_title":"","_seopress_titles_desc":"","_seopress_robots_index":"","_lmt_disableupdate":"","_lmt_disable":"","footnotes":""},"class_list":["post-954","page","type-page","status-publish","hentry"],"acf":[],"_links":{"self":[{"href":"https:\/\/unmz.gov.cz\/en\/wp-json\/wp\/v2\/pages\/954","targetHints":{"allow":["GET"]}}],"collection":[{"href":"https:\/\/unmz.gov.cz\/en\/wp-json\/wp\/v2\/pages"}],"about":[{"href":"https:\/\/unmz.gov.cz\/en\/wp-json\/wp\/v2\/types\/page"}],"author":[{"embeddable":true,"href":"https:\/\/unmz.gov.cz\/en\/wp-json\/wp\/v2\/users\/5"}],"replies":[{"embeddable":true,"href":"https:\/\/unmz.gov.cz\/en\/wp-json\/wp\/v2\/comments?post=954"}],"version-history":[{"count":0,"href":"https:\/\/unmz.gov.cz\/en\/wp-json\/wp\/v2\/pages\/954\/revisions"}],"up":[{"embeddable":true,"href":"https:\/\/unmz.gov.cz\/en\/wp-json\/wp\/v2\/pages\/146"}],"wp:attachment":[{"href":"https:\/\/unmz.gov.cz\/en\/wp-json\/wp\/v2\/media?parent=954"}],"curies":[{"name":"wp","href":"https:\/\/api.w.org\/{rel}","templated":true}]}}