{"id":986,"date":"2019-07-29T13:40:57","date_gmt":"2019-07-29T11:40:57","guid":{"rendered":"http:\/\/unmz-wp.e-bs.cz\/?page_id=986"},"modified":"2019-07-29T13:40:57","modified_gmt":"2019-07-29T11:40:57","slug":"tasks-from-the-area-calibration-methods-and-hbz","status":"publish","type":"page","link":"https:\/\/unmz.gov.cz\/en\/metrologie\/rozvoj-v-metrologii\/program-rozvoje-metrologie\/vybrane-vystupy-z-programu-rozvoje-metrologie\/ukoly-z-oblasti-kalibraci-metodik-a-hbz\/","title":{"rendered":"Calibration, methodology and HBZ tasks"},"content":{"rendered":"<p class=\"podtitul\">PRM tasks developed by the Czech Calibration Association<\/p>\n<p>The Czech Calibration Association (CCC) has developed several PRM tasks in the field of calibration methodologies for automatic and non-automatic scales, calibration laboratories, a manual for HBZ packers, and a methodology for volume control of draught and bottled beverages.<\/p>\n<p>The outputs of these PRM tasks can be found at\u00a0<a href=\"http:\/\/www.cks-brno.cz\/dokumenty\/vystupy-z-ukolu\" target=\"_blank\" rel=\"noopener noreferrer\"><span style=\"color: #0066cc;\">CCC website<\/span><\/a>.<\/p>\n<p>&nbsp;<\/p>\n<ul>\n<li>VII\/3\/10 Manual for users of non-automatic weighing instruments to express indication errors and uncertainties in the use and expression of weighing results<\/li>\n<\/ul>\n<p>&nbsp;<\/p>\n<ul>\n<li>VII\/8\/11 Revision of calibration procedures for non-automatic weighing instruments with a part count of more than 10 000<\/li>\n<\/ul>\n<p>Revision of calibration procedures for scales with non-automatic operation with a number of parts up to 10 000<\/p>\n<p>&nbsp;<\/p>\n<ul>\n<li>VII\/3\/12 Feasibility study of calibration of scales used in concrete production plants by accredited methods<\/li>\n<\/ul>\n<p>&nbsp;<\/p>\n<ul>\n<li>VII\/7\/13 Draft rules for determining the measurement range and CMC values in the case of the use of a surrogate load in the calibration of scales with non-automatic operation<\/li>\n<\/ul>\n<p>&nbsp;<\/p>\n<ul>\n<li>VII\/12\/14 Draft methodology for calibration of automatic balances and expression of uncertainties in calibrations<\/li>\n<\/ul>\n<p>&nbsp;<\/p>\n<ul>\n<li>VII\/10\/14 CCC Calibration and Measurement Capability Guideline for CMC Calibration of Electrical Quantities<\/li>\n<\/ul>\n<p>CCC Guide for the determination of measurement capabilities for internally calibrated standards<\/p>\n<p>&nbsp;<\/p>\n<ul>\n<li>VII\/10\/15 Draft methodology for volume control of draught and bottled beverages<\/li>\n<\/ul>\n<p>&nbsp;<\/p>\n<ul>\n<li>VII\/12\/15 Development of test methodology for calibration of selected AWI categories and expression of measurement uncertainty in these calibrations<\/li>\n<li>\n<ul>\n<li style=\"list-style-type: none;\">\n<ul>\n<li><a href=\"https:\/\/unmz.gov.cz\/en\/files\/metrology-2\/v%c3%bdstupy+z+prm\/zz_cks_awi_2015.pdf\/\" target=\"_blank\" rel=\"noopener noreferrer\"><span style=\"color: #0066cc;\">Final report<\/span><\/a>\u00a0task (PDF 475 kB)<\/li>\n<li><a href=\"https:\/\/unmz.gov.cz\/en\/files\/metrology-2\/v%c3%bdstupy+z+prm\/metodika+kalibrac%c3%ad++awi_2015_v1.pdf\/\" target=\"_blank\" rel=\"noopener noreferrer\"><span style=\"color: #0066cc;\">AWI Calibration Methodology<\/span><\/a>\u00a0(PDF 737 kB)<\/li>\n<li><a href=\"https:\/\/unmz.gov.cz\/en\/files\/metrology-2\/v%c3%bdstupy+z+prm\/p%c5%99%c3%adloha+3.1+praktick%c3%bd+p%c5%99%c3%adklad+d%c3%a1vkovac%c3%ad+v%c3%a1hy.pdf\/\" target=\"_blank\" rel=\"noopener noreferrer\"><span style=\"color: #0066cc;\">Annex 1<\/span><\/a>: dosing scales (PDF 666 kB)<\/li>\n<li><a href=\"https:\/\/unmz.gov.cz\/en\/files\/metrology-2\/v%c3%bdstupy+z+prm\/p%c5%99%c3%adloha+3.2praktick%c3%bd+p%c5%99%c3%adklad+silni%c4%8dn%c3%ad+v%c3%a1hy.pdf\/\" target=\"_blank\" rel=\"noopener noreferrer\"><span style=\"color: #0066cc;\">Annex 2<\/span><\/a>: road scales (PDF 667 kB)<\/li>\n<li><a href=\"https:\/\/unmz.gov.cz\/en\/files\/metrology-2\/v%c3%bdstupy+z+prm\/p%c5%99%c3%adloha+3.3praktick%c3%bd+priklad++p%c3%a1sov%c3%a9+v%c3%a1hy.pdf\/\" target=\"_blank\" rel=\"noopener noreferrer\"><span style=\"color: #0066cc;\">Annex 3<\/span><\/a>: belt scales (PDF 650 kB)<\/li>\n<\/ul>\n<\/li>\n<\/ul>\n<\/li>\n<\/ul>\n<p dir=\"ltr\">\n<ul>\n<li>VII\/12\/16 Draft methodology for expressing the target value for the content of prepackaged products<\/li>\n<\/ul>\n<p>&nbsp;<\/p>\n<ul>\n<li>\n<div>VII\/12\/17 Draft methodology for expressing the target value for the content of prepackaged products declared by volume<\/div>\n<\/li>\n<\/ul>\n<p>&nbsp;<\/p>\n<ul>\n<li>II\/18\/17 Development of a methodology for testing temperature recorders used in the transport of deep-frozen foodstuffs<\/li>\n<\/ul>\n<p>&nbsp;<\/p>\n<ul>\n<li>VII\/19\/17 Translation of WELMEC INFO 6-001, 2016 Overview of the impact of the Food Information Regulation on pre-packaged food<\/li>\n<\/ul>\n<p>&nbsp;<\/p>\n<ul>\n<li>VII\/18\/18 Revision of calibration procedures for non-automatic weighing instruments and development of a tool for processing results and expressing uncertainties in calibrations of non-automatic weighing instruments<\/li>\n<\/ul>\n<p dir=\"ltr\">","protected":false},"excerpt":{"rendered":"<p>\u00dakoly PRM zpracovan\u00e9 \u010cesk\u00fdm kalibra\u010dn\u00edm sdru\u017een\u00edm \u010cesk\u00e9 kalibra\u010dn\u00ed sdru\u017een\u00ed (\u010cKS) vypracovalo n\u011bkolik \u00fakol\u016f PRM z oblasti metodik kalibrac\u00ed vah s automatickou i neautomatickou \u010dinnost\u00ed, \u010dinnosti kalibra\u010dn\u00edch laborato\u0159\u00ed, d\u00e1le p\u0159\u00edru\u010dku pro bal\u00edrny HBZ,\u00a0metodiku pro prov\u00e1d\u011bn\u00ed kontrol objemu \u010depovan\u00fdch a rozl\u00e9van\u00fdch n\u00e1poj\u016f. V\u00fdstupy\u00a0 t\u011bchto \u00fakol\u016f PRM najdete na\u00a0webov\u00fdch str\u00e1nk\u00e1ch \u010cKS. &nbsp; VII\/3\/10 P\u0159\u00edru\u010dka pro u\u017eivatele vah s [&hellip;]<\/p>\n","protected":false},"author":5,"featured_media":0,"parent":980,"menu_order":0,"comment_status":"closed","ping_status":"closed","template":"","meta":{"_acf_changed":false,"_seopress_robots_primary_cat":"","_seopress_titles_title":"","_seopress_titles_desc":"","_seopress_robots_index":"","_lmt_disableupdate":"","_lmt_disable":"","footnotes":""},"class_list":["post-986","page","type-page","status-publish","hentry"],"acf":[],"_links":{"self":[{"href":"https:\/\/unmz.gov.cz\/en\/wp-json\/wp\/v2\/pages\/986","targetHints":{"allow":["GET"]}}],"collection":[{"href":"https:\/\/unmz.gov.cz\/en\/wp-json\/wp\/v2\/pages"}],"about":[{"href":"https:\/\/unmz.gov.cz\/en\/wp-json\/wp\/v2\/types\/page"}],"author":[{"embeddable":true,"href":"https:\/\/unmz.gov.cz\/en\/wp-json\/wp\/v2\/users\/5"}],"replies":[{"embeddable":true,"href":"https:\/\/unmz.gov.cz\/en\/wp-json\/wp\/v2\/comments?post=986"}],"version-history":[{"count":0,"href":"https:\/\/unmz.gov.cz\/en\/wp-json\/wp\/v2\/pages\/986\/revisions"}],"up":[{"embeddable":true,"href":"https:\/\/unmz.gov.cz\/en\/wp-json\/wp\/v2\/pages\/980"}],"wp:attachment":[{"href":"https:\/\/unmz.gov.cz\/en\/wp-json\/wp\/v2\/media?parent=986"}],"curies":[{"name":"wp","href":"https:\/\/api.w.org\/{rel}","templated":true}]}}