{"id":988,"date":"2019-07-29T13:41:14","date_gmt":"2019-07-29T11:41:14","guid":{"rendered":"http:\/\/unmz-wp.e-bs.cz\/?page_id=988"},"modified":"2019-07-29T13:41:14","modified_gmt":"2019-07-29T11:41:14","slug":"practical-guides-for-using-electronic-weights","status":"publish","type":"page","link":"https:\/\/unmz.gov.cz\/en\/metrologie\/rozvoj-v-metrologii\/program-rozvoje-metrologie\/vybrane-vystupy-z-programu-rozvoje-metrologie\/prakticke-prirucky-pro-pouziti-elektronickych-vah\/","title":{"rendered":"Practical guides for using electronic scales"},"content":{"rendered":"<p class=\"podtitul\">Practical guides produced by the Union of Weighing Instrument Manufacturers<\/p>\n<ul>\n<li>Task No VII\/20\/14\u00a0<a href=\"https:\/\/unmz.gov.cz\/en\/files\/metrology-2\/program+rozvoje\/prirucka-uvv-2014.pdf\/\" target=\"_blank\" rel=\"noopener noreferrer\">Practical guide for the use of electronic scales in commercial transactions and for direct sales to the public<\/a>\u00a0(PDF 2 351 kB)<\/li>\n<\/ul>\n<p>&nbsp;<\/p>\n<ul>\n<li>Task No. VII\/20\/18:<\/li>\n<\/ul>\n<blockquote dir=\"ltr\">\n<blockquote dir=\"ltr\"><p>\u00a0\u00a0\u00a0\u00a0\u00a0\u00a0\u00a0<a href=\"https:\/\/unmz.gov.cz\/en\/files\/metrology-2\/v%c3%bdstupy+z+prm\/uvv-vii-20-18-ind-web.pdf\/\" target=\"_blank\" rel=\"noopener noreferrer\">A practical guide to using electronic scales in industrial applications<\/a>\u00a0(PDF 3 910 kB)<\/p>\n<p><span style=\"color: #0066cc;\"><a href=\"https:\/\/unmz.gov.cz\/en\/files\/metrology-2\/v%c3%bdstupy+z+prm\/uvv-vii-20-18-obchod-web.pdf\/\" target=\"_blank\" rel=\"noopener noreferrer\">Practical guide for the use of electronic scales in commercial transactions and for direct sales to the public<\/a><\/span>\u00a0(PDF 2 993 kB)<\/p><\/blockquote>\n<\/blockquote>","protected":false},"excerpt":{"rendered":"<p>Praktick\u00e9 p\u0159\u00edru\u010dky zpracovan\u00e9 Uni\u00ed v\u00fdrobc\u016f vah \u00fakol \u010d. VII\/20\/14\u00a0Praktick\u00e1 p\u0159\u00edru\u010dka pro pou\u017eit\u00ed elektronick\u00fdch vah v obchodn\u00edm styku a pro p\u0159\u00edm\u00fd prodej ve\u0159ejnosti\u00a0(PDF 2 351 kB) &nbsp; \u00fakol \u010d. VII\/20\/18: \u00a0\u00a0\u00a0\u00a0\u00a0\u00a0\u00a0Praktick\u00e1 p\u0159\u00edru\u010dka pro pou\u017eit\u00ed elektronick\u00fdch vah v pr\u016fmyslov\u00fdch aplikac\u00edch\u00a0(PDF\u00a03 910 kB) Praktick\u00e1 p\u0159\u00edru\u010dka pro pou\u017eit\u00ed elektronick\u00fdch vah v obchodn\u00edm styku a pro p\u0159\u00edm\u00fd prodej ve\u0159ejnosti\u00a0(PDF 2\u00a0993 [&hellip;]<\/p>\n","protected":false},"author":5,"featured_media":0,"parent":980,"menu_order":0,"comment_status":"closed","ping_status":"closed","template":"","meta":{"_acf_changed":false,"_seopress_robots_primary_cat":"","_seopress_titles_title":"","_seopress_titles_desc":"","_seopress_robots_index":"","_lmt_disableupdate":"","_lmt_disable":"","footnotes":""},"class_list":["post-988","page","type-page","status-publish","hentry"],"acf":[],"_links":{"self":[{"href":"https:\/\/unmz.gov.cz\/en\/wp-json\/wp\/v2\/pages\/988","targetHints":{"allow":["GET"]}}],"collection":[{"href":"https:\/\/unmz.gov.cz\/en\/wp-json\/wp\/v2\/pages"}],"about":[{"href":"https:\/\/unmz.gov.cz\/en\/wp-json\/wp\/v2\/types\/page"}],"author":[{"embeddable":true,"href":"https:\/\/unmz.gov.cz\/en\/wp-json\/wp\/v2\/users\/5"}],"replies":[{"embeddable":true,"href":"https:\/\/unmz.gov.cz\/en\/wp-json\/wp\/v2\/comments?post=988"}],"version-history":[{"count":0,"href":"https:\/\/unmz.gov.cz\/en\/wp-json\/wp\/v2\/pages\/988\/revisions"}],"up":[{"embeddable":true,"href":"https:\/\/unmz.gov.cz\/en\/wp-json\/wp\/v2\/pages\/980"}],"wp:attachment":[{"href":"https:\/\/unmz.gov.cz\/en\/wp-json\/wp\/v2\/media?parent=988"}],"curies":[{"name":"wp","href":"https:\/\/api.w.org\/{rel}","templated":true}]}}