{"id":992,"date":"2019-07-29T13:41:55","date_gmt":"2019-07-29T11:41:55","guid":{"rendered":"http:\/\/unmz-wp.e-bs.cz\/?page_id=992"},"modified":"2026-02-06T13:01:36","modified_gmt":"2026-02-06T12:01:36","slug":"innovation-and-metrology-in-practice","status":"publish","type":"page","link":"https:\/\/unmz.gov.cz\/en\/metrologie\/rozvoj-v-metrologii\/program-rozvoje-metrologie\/vybrane-vystupy-z-programu-rozvoje-metrologie\/inovace-a-metrologie-v-praxi\/","title":{"rendered":"Innovation and metrology in practice"},"content":{"rendered":"<p class=\"podtitul\">A selection of PRM task outputs focused on points of interest: different researchers, different metrology topics<\/p>\n<p>tasks of the Water Management Research Institute<\/p>\n<ul>\n<li>VII\/7\/14: Determination of suitability of selected types of hydrometric propellers -\u00a0<a href=\"https:\/\/unmz.gov.cz\/en\/files\/metrology-2\/v%c3%bdstupy+z+prm\/vuv+z%c3%a1v%c4%9br+zpr%c3%a1va+%28web%29.pdf\/\" target=\"_blank\" rel=\"noopener noreferrer\">Report<\/a>\u00a0(PDF 1560 kB)<\/li>\n<\/ul>\n<p>&nbsp;<\/p>\n<p>CMI task (solver Ing. Miroslava Benkov\u00e1, PhD.)<\/p>\n<ul>\n<li>VIII\/17\/15: Expertise of the correctness of the measurement of residential water meters -\u00a0<a href=\"https:\/\/unmz.gov.cz\/en\/files\/metrology-2\/v%c3%bdstupy+z+prm\/info_k_%c3%bakolu+%c4%8d.+viii-17-15-vodom%c4%9bry.pdf\/\" target=\"_blank\" rel=\"noopener noreferrer\">informative article<\/a>\u00a0(PDF 250 kB) Ing. Z. Vesel\u00e1k<b><\/b><\/li>\n<\/ul>\n<p>&nbsp;<\/p>\n<p>the task of the Czech Society for Quality<\/p>\n<ul>\n<li>VII\/9\/25 Creation of meter dials with their MPE and MPL specifications for DCC and their processing on the side of meter users - <a href=\"https:\/\/unmz.gov.cz\/wp-content\/uploads\/prm-vii-9-25-zprava-web.pdf\">Report<\/a> (PDF 3 MB)<\/li>\n<\/ul>\n<p>&nbsp;<\/p>","protected":false},"excerpt":{"rendered":"<p>V\u00fdb\u011br v\u00fdstup\u016f \u00fakol\u016f PRM zam\u011b\u0159en\u00fd na zaj\u00edmavosti: r\u016fzn\u00ed \u0159e\u0161itel\u00e9, r\u016fzn\u00e1 metrologick\u00e1 t\u00e9mata \u00fakoly V\u00fdzkumn\u00e9ho \u00fastavu vodohospod\u00e1\u0159sk\u00e9ho VII\/7\/14: Stanoven\u00ed vhodnosti pou\u017eit\u00ed vybran\u00fdch typ\u016f hydrometrick\u00fdch vrtul\u00ed -\u00a0zpr\u00e1va\u00a0(PDF \u00a01560 kB) &nbsp; \u00fakol \u010cMI (\u0159e\u0161itelka Ing. Miroslava Benkov\u00e1, PhD.) VIII\/17\/15: Expert\u00edza spr\u00e1vnosti m\u011b\u0159en\u00ed bytov\u00fdch vodom\u011br\u016f -\u00a0informa\u010dn\u00ed \u010dl\u00e1nek\u00a0(PDF 250 kB) Ing. Z. Vesel\u00e1ka &nbsp; \u00fakol \u010cesk\u00e9 spole\u010dnosti pro jakost VII\/9\/25 [&hellip;]<\/p>\n","protected":false},"author":5,"featured_media":0,"parent":980,"menu_order":0,"comment_status":"closed","ping_status":"closed","template":"","meta":{"_acf_changed":false,"_seopress_robots_primary_cat":"","_seopress_titles_title":"","_seopress_titles_desc":"","_seopress_robots_index":"","_lmt_disableupdate":"no","_lmt_disable":"","footnotes":""},"class_list":["post-992","page","type-page","status-publish","hentry"],"acf":[],"_links":{"self":[{"href":"https:\/\/unmz.gov.cz\/en\/wp-json\/wp\/v2\/pages\/992","targetHints":{"allow":["GET"]}}],"collection":[{"href":"https:\/\/unmz.gov.cz\/en\/wp-json\/wp\/v2\/pages"}],"about":[{"href":"https:\/\/unmz.gov.cz\/en\/wp-json\/wp\/v2\/types\/page"}],"author":[{"embeddable":true,"href":"https:\/\/unmz.gov.cz\/en\/wp-json\/wp\/v2\/users\/5"}],"replies":[{"embeddable":true,"href":"https:\/\/unmz.gov.cz\/en\/wp-json\/wp\/v2\/comments?post=992"}],"version-history":[{"count":2,"href":"https:\/\/unmz.gov.cz\/en\/wp-json\/wp\/v2\/pages\/992\/revisions"}],"predecessor-version":[{"id":12220,"href":"https:\/\/unmz.gov.cz\/en\/wp-json\/wp\/v2\/pages\/992\/revisions\/12220"}],"up":[{"embeddable":true,"href":"https:\/\/unmz.gov.cz\/en\/wp-json\/wp\/v2\/pages\/980"}],"wp:attachment":[{"href":"https:\/\/unmz.gov.cz\/en\/wp-json\/wp\/v2\/media?parent=992"}],"curies":[{"name":"wp","href":"https:\/\/api.w.org\/{rel}","templated":true}]}}