{"id":998,"date":"2019-07-29T13:42:52","date_gmt":"2019-07-29T11:42:52","guid":{"rendered":"http:\/\/unmz-wp.e-bs.cz\/?page_id=998"},"modified":"2024-01-25T07:06:18","modified_gmt":"2024-01-25T06:06:18","slug":"practice-calibration-laboratories-2","status":"publish","type":"page","link":"https:\/\/unmz.gov.cz\/en\/metrologie\/rozvoj-v-metrologii\/program-rozvoje-metrologie\/vybrane-vystupy-z-programu-rozvoje-metrologie\/praxe-kalibracnich-laboratori-2\/","title":{"rendered":"Practice of calibration laboratories"},"content":{"rendered":"<p class=\"podtitul\">PRM tasks focused on the practice of calibration laboratories. Solver Ing. Anton\u00edn Chyb\u00edk<\/p>\n<p>&nbsp;<\/p>\n<ul>\n<li>PRM task: recalibration intervals for working gauges, report available\u00a0<a href=\"https:\/\/unmz.gov.cz\/en\/files\/metrology-2\/v%c3%bdstupy+z+prm\/intervaly+rekalibrac%c3%ad+pracovn%c3%adch+m%c4%9b%c5%99idel+-+m29-98.pdf\/\" target=\"_blank\" rel=\"noopener noreferrer\">here<\/a>\u00a0(PDF 13,9 MB)<\/li>\n<\/ul>\n<p>&nbsp;<\/p>\n<ul>\n<li>PRM task: Mass, Pressure and Frequency Calibration Laboratory Environment, report available\u00a0<a href=\"https:\/\/unmz.gov.cz\/en\/files\/metrology-2\/v%c3%bdstupy+z+prm\/prost%c5%99ed%c3%ad%20kalibra%c4%8dn%c3%adch%20laborato%c5%99%c3%ad%20hmotnosti,tlaku%20a%20frekvence%20-%20m30-98.pdf\/\" target=\"_blank\" rel=\"noopener noreferrer\">here<\/a>\u00a0(PDF 13,5 MB)<\/li>\n<\/ul>\n<p>&nbsp;<\/p>\n<ul>\n<li>PRM task: Calibration laboratories for electrical quantities, lengths and temperature, report available\u00a0<a href=\"https:\/\/unmz.gov.cz\/en\/files\/metrology-2\/v%c3%bdstupy+z+prm\/kalibra%c4%8dn%c3%ad%20laborato%c5%99e%20elektrick%c3%bdch%20veli%c4%8din,%20d%c3%a9lek%20a%20teploty%20-%20m32-99.pdf\/\" target=\"_blank\" rel=\"noopener noreferrer\">here<\/a>\u00a0 (PDF 22 MB)<\/li>\n<\/ul>","protected":false},"excerpt":{"rendered":"<p>\u00dakoly PRM zam\u011b\u0159en\u00e9 na praxi kalibra\u010dn\u00edch laborato\u0159\u00ed. \u0158e\u0161itel Ing. Anton\u00edn Chyb\u00edk &nbsp; \u00fakol PRM: Intervaly rekalibrac\u00ed pracovn\u00edch m\u011b\u0159idel, zpr\u00e1va je k dispozici\u00a0zde\u00a0(PDF 13,9 MB) &nbsp; \u00fakol PRM: Prost\u0159ed\u00ed kalibra\u010dn\u00edch laborato\u0159\u00ed hmotnosti,tlaku a frekvence, zpr\u00e1va je k dispozici\u00a0zde\u00a0(PDF 13,5 MB) &nbsp; \u00fakol PRM: Kalibra\u010dn\u00ed laborato\u0159e elektrick\u00fdch veli\u010din, d\u00e9lek a teploty, zpr\u00e1va je k dispozici\u00a0zde\u00a0 (PDF 22 [&hellip;]<\/p>\n","protected":false},"author":5,"featured_media":0,"parent":980,"menu_order":0,"comment_status":"closed","ping_status":"closed","template":"","meta":{"_acf_changed":false,"_seopress_robots_primary_cat":"","_seopress_titles_title":"","_seopress_titles_desc":"","_seopress_robots_index":"","_lmt_disableupdate":"no","_lmt_disable":"","footnotes":""},"class_list":["post-998","page","type-page","status-publish","hentry"],"acf":[],"_links":{"self":[{"href":"https:\/\/unmz.gov.cz\/en\/wp-json\/wp\/v2\/pages\/998","targetHints":{"allow":["GET"]}}],"collection":[{"href":"https:\/\/unmz.gov.cz\/en\/wp-json\/wp\/v2\/pages"}],"about":[{"href":"https:\/\/unmz.gov.cz\/en\/wp-json\/wp\/v2\/types\/page"}],"author":[{"embeddable":true,"href":"https:\/\/unmz.gov.cz\/en\/wp-json\/wp\/v2\/users\/5"}],"replies":[{"embeddable":true,"href":"https:\/\/unmz.gov.cz\/en\/wp-json\/wp\/v2\/comments?post=998"}],"version-history":[{"count":0,"href":"https:\/\/unmz.gov.cz\/en\/wp-json\/wp\/v2\/pages\/998\/revisions"}],"up":[{"embeddable":true,"href":"https:\/\/unmz.gov.cz\/en\/wp-json\/wp\/v2\/pages\/980"}],"wp:attachment":[{"href":"https:\/\/unmz.gov.cz\/en\/wp-json\/wp\/v2\/media?parent=998"}],"curies":[{"name":"wp","href":"https:\/\/api.w.org\/{rel}","templated":true}]}}